{"id":52517,"date":"2025-12-01T17:13:13","date_gmt":"2025-12-01T20:13:13","guid":{"rendered":"https:\/\/wheat-elephant-547114.hostingersite.com\/?page_id=52517"},"modified":"2026-01-13T22:48:50","modified_gmt":"2026-01-14T01:48:50","slug":"marketplace-b2c","status":"publish","type":"page","link":"https:\/\/masterint.com\/en\/marketplace-b2c\/","title":{"rendered":"Marketplace B2C"},"content":{"rendered":"<div data-elementor-type=\"wp-page\" data-elementor-id=\"52517\" class=\"elementor elementor-52517\" data-elementor-post-type=\"page\">\n\t\t\t\t<div class=\"elementor-element elementor-element-fc3d592 e-flex e-con-boxed cmsmasters-bg-hide-none cmsmasters-bg-hide-none cmsmasters-block-default e-con e-parent\" data-id=\"fc3d592\" data-element_type=\"container\" data-e-type=\"container\" data-settings=\"{&quot;background_background&quot;:&quot;classic&quot;}\">\n\t\t\t\t\t<div class=\"e-con-inner\">\n\t\t<div class=\"elementor-element elementor-element-2bd653b e-con-full e-flex cmsmasters-block-default e-con e-child\" data-id=\"2bd653b\" data-element_type=\"container\" data-e-type=\"container\" data-settings=\"{&quot;background_background&quot;:&quot;classic&quot;}\">\n\t\t\t\t<div class=\"elementor-element elementor-element-3039f1c elementor-widget-widescreen__width-initial elementor-absolute cmsmasters-block-default cmsmasters-sticky-default elementor-widget elementor-widget-image\" data-id=\"3039f1c\" data-element_type=\"widget\" data-e-type=\"widget\" data-settings=\"{&quot;_position&quot;:&quot;absolute&quot;}\" data-widget_type=\"image.default\">\n\t\t\t\t\t\t\t\t\t\t\t\t\t\t\t<img fetchpriority=\"high\" decoding=\"async\" width=\"480\" height=\"137\" src=\"https:\/\/masterint.com\/wp-content\/uploads\/2025\/11\/MODELO-PAGINA-UNIDADES-DE-NEGOCIO.png\" class=\"attachment-large size-large wp-image-52283\" alt=\"\" srcset=\"https:\/\/masterint.com\/wp-content\/uploads\/2025\/11\/MODELO-PAGINA-UNIDADES-DE-NEGOCIO.png 480w, https:\/\/masterint.com\/wp-content\/uploads\/2025\/11\/MODELO-PAGINA-UNIDADES-DE-NEGOCIO-300x86.png 300w\" sizes=\"(max-width: 480px) 100vw, 480px\" \/>\t\t\t\t\t\t\t\t\t\t\t\t\t\t\t<\/div>\n\t\t<div class=\"elementor-element elementor-element-4a6ba4a e-con-full e-flex cmsmasters-block-default e-con e-child\" data-id=\"4a6ba4a\" data-element_type=\"container\" data-e-type=\"container\">\n\t\t\t\t<div class=\"elementor-element elementor-element-21304a6 elementor-icon-list--layout-inline elementor-list-item-link-full_width cmsmasters-block-default cmsmasters-sticky-default elementor-widget elementor-widget-icon-list\" data-id=\"21304a6\" data-element_type=\"widget\" data-e-type=\"widget\" data-widget_type=\"icon-list.default\">\n\t\t\t\t\t\t\t<ul class=\"elementor-icon-list-items elementor-inline-items\">\n\t\t\t\t\t\t\t<li class=\"elementor-icon-list-item elementor-inline-item\">\n\t\t\t\t\t\t\t\t\t\t\t<a href=\"https:\/\/masterint.com\/en\">\n\n\t\t\t\t\t\t\t\t\t\t\t<span class=\"elementor-icon-list-text\">HOME <\/span>\n\t\t\t\t\t\t\t\t\t\t\t<\/a>\n\t\t\t\t\t\t\t\t\t<\/li>\n\t\t\t\t\t\t\t\t<li class=\"elementor-icon-list-item elementor-inline-item\">\n\t\t\t\t\t\t\t\t\t\t\t<a href=\"https:\/\/masterint.com\/en\/unidades-de-negocio\/\">\n\n\t\t\t\t\t\t\t\t\t\t\t<span class=\"elementor-icon-list-text\">Business Units <\/span>\n\t\t\t\t\t\t\t\t\t\t\t<\/a>\n\t\t\t\t\t\t\t\t\t<\/li>\n\t\t\t\t\t\t\t\t<li class=\"elementor-icon-list-item elementor-inline-item\">\n\t\t\t\t\t\t\t\t\t\t\t<a href=\"https:\/\/masterint.com\/en\/digital-export\/\">\n\n\t\t\t\t\t\t\t\t\t\t\t<span class=\"elementor-icon-list-text\">&gt; DIGITAL EXPORT <\/span>\n\t\t\t\t\t\t\t\t\t\t\t<\/a>\n\t\t\t\t\t\t\t\t\t<\/li>\n\t\t\t\t\t\t\t\t<li class=\"elementor-icon-list-item elementor-inline-item\">\n\t\t\t\t\t\t\t\t\t\t\t<a href=\"https:\/\/masterint.com\/en\/marketplace-b2c\/\">\n\n\t\t\t\t\t\t\t\t\t\t\t<span class=\"elementor-icon-list-text\">&gt; GEST\u00c3O DE MARKETPLACES B2C<\/span>\n\t\t\t\t\t\t\t\t\t\t\t<\/a>\n\t\t\t\t\t\t\t\t\t<\/li>\n\t\t\t\t\t\t<\/ul>\n\t\t\t\t\t\t<\/div>\n\t\t\t\t<div class=\"elementor-element elementor-element-732d660 elementor-widget__width-initial elementor-widget-widescreen__width-initial elementor-widget-mobile__width-inherit cmsmasters-block-default cmsmasters-sticky-default elementor-widget elementor-widget-heading\" data-id=\"732d660\" data-element_type=\"widget\" data-e-type=\"widget\" data-widget_type=\"heading.default\">\n\t\t\t\t\t<h2 class=\"elementor-heading-title elementor-size-default\">B2C Marketplace Management<\/h2>\t\t\t\t<\/div>\n\t\t\t\t<\/div>\n\t\t\t\t<\/div>\n\t\t\t\t\t<\/div>\n\t\t\t\t<\/div>\n\t\t<div class=\"elementor-element elementor-element-7a35aad e-flex e-con-boxed cmsmasters-bg-hide-none cmsmasters-bg-hide-none cmsmasters-block-default e-con e-parent\" data-id=\"7a35aad\" data-element_type=\"container\" data-e-type=\"container\" data-settings=\"{&quot;background_background&quot;:&quot;classic&quot;}\">\n\t\t\t\t\t<div class=\"e-con-inner\">\n\t\t<div class=\"elementor-element elementor-element-54b51b9 e-con-full e-flex cmsmasters-block-default e-con e-child\" data-id=\"54b51b9\" data-element_type=\"container\" data-e-type=\"container\">\n\t\t\t\t<div class=\"elementor-element elementor-element-2da12c7 cmsmasters-block-default cmsmasters-sticky-default elementor-widget elementor-widget-text-editor\" data-id=\"2da12c7\" data-element_type=\"widget\" data-e-type=\"widget\" data-widget_type=\"text-editor.default\">\n\t\t\t\t\t\t\t\t\t<p class=\"translation-block\">International digital retail has evolved. Today, being present on the world\u2019s largest marketplaces is essential for any brand that wants to compete at a global scale.<\/p><p class=\"cvGsUA direction-ltr align-start para-style-body translation-block\">MASTERINT, an official member of the Amazon Service Provider Network (SPN), transforms a seller account on Amazon into an efficient, structured and secure international sales channel, positioning your brand to reach consumers in the United States and other strategic markets.<\/p>\t\t\t\t\t\t\t\t<\/div>\n\t\t\t\t<\/div>\n\t\t<div class=\"elementor-element elementor-element-0a14043 e-con-full e-flex cmsmasters-block-default e-con e-child\" data-id=\"0a14043\" data-element_type=\"container\" data-e-type=\"container\">\n\t\t\t\t<div class=\"elementor-element elementor-element-16a13ba cmsmasters-block-default cmsmasters-sticky-default elementor-widget elementor-widget-image\" data-id=\"16a13ba\" data-element_type=\"widget\" data-e-type=\"widget\" data-widget_type=\"image.default\">\n\t\t\t\t\t\t\t\t\t\t\t\t\t\t\t<img decoding=\"async\" width=\"896\" height=\"970\" src=\"https:\/\/masterint.com\/wp-content\/uploads\/2025\/12\/Captura-de-tela-2025-12-01-171050.png\" class=\"attachment-large size-large wp-image-52520\" alt=\"\" srcset=\"https:\/\/masterint.com\/wp-content\/uploads\/2025\/12\/Captura-de-tela-2025-12-01-171050.png 896w, https:\/\/masterint.com\/wp-content\/uploads\/2025\/12\/Captura-de-tela-2025-12-01-171050-277x300.png 277w, https:\/\/masterint.com\/wp-content\/uploads\/2025\/12\/Captura-de-tela-2025-12-01-171050-768x831.png 768w, https:\/\/masterint.com\/wp-content\/uploads\/2025\/12\/Captura-de-tela-2025-12-01-171050-600x650.png 600w\" sizes=\"(max-width: 896px) 100vw, 896px\" \/>\t\t\t\t\t\t\t\t\t\t\t\t\t\t\t<\/div>\n\t\t\t\t<\/div>\n\t\t\t\t\t<\/div>\n\t\t\t\t<\/div>\n\t\t<div class=\"elementor-element elementor-element-31b99dc e-flex e-con-boxed cmsmasters-block-default e-con e-parent\" data-id=\"31b99dc\" data-element_type=\"container\" data-e-type=\"container\" data-settings=\"{&quot;background_background&quot;:&quot;classic&quot;}\">\n\t\t\t\t\t<div class=\"e-con-inner\">\n\t\t\t\t<div class=\"elementor-element elementor-element-f96e651 elementor-widget__width-initial elementor-widget-mobile__width-inherit cmsmasters-block-default cmsmasters-sticky-default elementor-widget elementor-widget-heading\" data-id=\"f96e651\" data-element_type=\"widget\" data-e-type=\"widget\" data-widget_type=\"heading.default\">\n\t\t\t\t\t<h2 class=\"elementor-heading-title elementor-size-default\">Ready to take your brand global without complexity?\n<\/h2>\t\t\t\t<\/div>\n\t\t\t\t<div class=\"elementor-element elementor-element-1a1e8b6 elementor-widget__width-initial elementor-widget-widescreen__width-initial elementor-widget-mobile__width-inherit cmsmasters-block-default cmsmasters-sticky-default elementor-widget elementor-widget-heading\" data-id=\"1a1e8b6\" data-element_type=\"widget\" data-e-type=\"widget\" data-widget_type=\"heading.default\">\n\t\t\t\t\t<h2 class=\"elementor-heading-title elementor-size-default\">MASTERINT connects your company to international markets with agility, security and performance. You focus on production, and we handle the export process.\n<\/h2>\t\t\t\t<\/div>\n\t\t\t\t<div class=\"elementor-element elementor-element-691826e elementor-widget__width-initial elementor-widget-mobile__width-inherit cmsmasters-block-default cmsmasters-sticky-default elementor-widget elementor-widget-heading\" data-id=\"691826e\" data-element_type=\"widget\" data-e-type=\"widget\" data-widget_type=\"heading.default\">\n\t\t\t\t\t<h2 class=\"elementor-heading-title elementor-size-default\">Talk to a specialist and begin your digital export journey with MASTERINT.<\/h2>\t\t\t\t<\/div>\n\t\t\t\t<div class=\"elementor-element elementor-element-1a01d2c elementor-button-align-stretch cmsmasters-block-default cmsmasters-sticky-default elementor-widget elementor-widget-form\" data-id=\"1a01d2c\" data-element_type=\"widget\" data-e-type=\"widget\" data-settings=\"{&quot;step_next_label&quot;:&quot;Next&quot;,&quot;step_previous_label&quot;:&quot;Previous&quot;,&quot;button_width&quot;:&quot;100&quot;,&quot;step_type&quot;:&quot;number_text&quot;,&quot;step_icon_shape&quot;:&quot;circle&quot;}\" data-widget_type=\"form.default\">\n\t\t\t\t\t\t\t<form class=\"elementor-form\" method=\"post\" name=\"New Form\" aria-label=\"New Form\" action=\"\">\n\t\t\t<input type=\"hidden\" name=\"post_id\" value=\"52517\"\/>\n\t\t\t<input type=\"hidden\" name=\"form_id\" value=\"1a01d2c\"\/>\n\t\t\t<input type=\"hidden\" name=\"referer_title\" value=\"Marketplace B2C\" \/>\n\n\t\t\t\t\t\t\t<input type=\"hidden\" name=\"queried_id\" value=\"52517\"\/>\n\t\t\t\n\t\t\t<div class=\"elementor-form-fields-wrapper elementor-labels-above\">\n\t\t\t\t\t\t\t\t<div class=\"elementor-field-type-text elementor-field-group elementor-column elementor-field-group-name elementor-col-100\">\n\t\t\t\t\t\t\t\t\t\t\t\t\t<input size=\"1\" type=\"text\" name=\"form_fields[name]\" id=\"form-field-name\" class=\"elementor-field elementor-size-sm  elementor-field-textual\" placeholder=\"NAME\">\n\t\t\t\t\t\t\t\t\t\t\t<\/div>\n\t\t\t\t\t\t\t\t<div class=\"elementor-field-type-text elementor-field-group elementor-column elementor-field-group-field_0b08064 elementor-col-100\">\n\t\t\t\t\t\t\t\t\t\t\t\t\t<input size=\"1\" type=\"text\" name=\"form_fields[field_0b08064]\" id=\"form-field-field_0b08064\" class=\"elementor-field elementor-size-sm  elementor-field-textual\" placeholder=\"WHATSAPP\">\n\t\t\t\t\t\t\t\t\t\t\t<\/div>\n\t\t\t\t\t\t\t\t<div class=\"elementor-field-type-email elementor-field-group elementor-column elementor-field-group-email elementor-col-100 elementor-field-required\">\n\t\t\t\t\t\t\t\t\t\t\t\t\t<input size=\"1\" type=\"email\" name=\"form_fields[email]\" id=\"form-field-email\" class=\"elementor-field elementor-size-sm  elementor-field-textual\" placeholder=\"E-MAIL\" required=\"required\">\n\t\t\t\t\t\t\t\t\t\t\t<\/div>\n\t\t\t\t\t\t\t\t<div class=\"elementor-field-type-textarea elementor-field-group elementor-column elementor-field-group-message elementor-col-100\">\n\t\t\t\t\t<textarea class=\"elementor-field-textual elementor-field  elementor-size-sm\" name=\"form_fields[message]\" id=\"form-field-message\" rows=\"4\" placeholder=\"YOUR MESSAGE\"><\/textarea>\t\t\t\t<\/div>\n\t\t\t\t\t\t\t\t<div class=\"elementor-field-group elementor-column elementor-field-type-submit elementor-col-100 e-form__buttons\">\n\t\t\t\t\t<button class=\"elementor-button elementor-size-sm\" type=\"submit\">\n\t\t\t\t\t\t<span class=\"elementor-button-content-wrapper\">\n\t\t\t\t\t\t\t\t\t\t\t\t\t\t\t\t\t\t\t\t\t\t<span class=\"elementor-button-text\">SEND<\/span>\n\t\t\t\t\t\t\t\t\t\t\t\t\t<\/span>\n\t\t\t\t\t<\/button>\n\t\t\t\t<\/div>\n\t\t\t<\/div>\n\t\t<input type=\"hidden\" name=\"trp-form-language\" value=\"en\"\/><\/form>\n\t\t\t\t\t\t<\/div>\n\t\t\t\t\t<\/div>\n\t\t\t\t<\/div>\n\t\t\t\t<\/div>","protected":false},"excerpt":{"rendered":"<p>HOME &gt; UNIDADES DE NEG\u00d3CIO &gt; DIGITAL EXPORT &gt; GEST\u00c3O DE MARKETPLACES B2C GEST\u00c3O DE MARKETPLACES B2C O varejo digital internacional evoluiu. Atualmente, estar presente nos maiores marketplaces do mundo \u00e9 essencial para qualquer marca que deseja competir em escala global. A MASTERINT,\u00a0 membro oficial da Rede de Prestadores de Servi\u00e7os da Amazon (SPN), transforma&#8230;<\/p>","protected":false},"author":1,"featured_media":0,"parent":0,"menu_order":0,"comment_status":"closed","ping_status":"closed","template":"elementor_header_footer","meta":{"_acf_changed":false,"footnotes":""},"class_list":["post-52517","page","type-page","status-publish","hentry"],"acf":[],"_links":{"self":[{"href":"https:\/\/masterint.com\/en\/wp-json\/wp\/v2\/pages\/52517","targetHints":{"allow":["GET"]}}],"collection":[{"href":"https:\/\/masterint.com\/en\/wp-json\/wp\/v2\/pages"}],"about":[{"href":"https:\/\/masterint.com\/en\/wp-json\/wp\/v2\/types\/page"}],"author":[{"embeddable":true,"href":"https:\/\/masterint.com\/en\/wp-json\/wp\/v2\/users\/1"}],"replies":[{"embeddable":true,"href":"https:\/\/masterint.com\/en\/wp-json\/wp\/v2\/comments?post=52517"}],"version-history":[{"count":34,"href":"https:\/\/masterint.com\/en\/wp-json\/wp\/v2\/pages\/52517\/revisions"}],"predecessor-version":[{"id":54024,"href":"https:\/\/masterint.com\/en\/wp-json\/wp\/v2\/pages\/52517\/revisions\/54024"}],"wp:attachment":[{"href":"https:\/\/masterint.com\/en\/wp-json\/wp\/v2\/media?parent=52517"}],"curies":[{"name":"wp","href":"https:\/\/api.w.org\/{rel}","templated":true}]}}