{"id":52278,"date":"2025-11-29T23:27:52","date_gmt":"2025-11-30T02:27:52","guid":{"rendered":"https:\/\/wheat-elephant-547114.hostingersite.com\/?page_id=52278"},"modified":"2025-12-03T12:44:57","modified_gmt":"2025-12-03T15:44:57","slug":"marketplace-b2b","status":"publish","type":"page","link":"https:\/\/masterint.com\/en\/marketplace-b2b\/","title":{"rendered":"Marketplace B2B"},"content":{"rendered":"<div data-elementor-type=\"wp-page\" data-elementor-id=\"52278\" class=\"elementor elementor-52278\" data-elementor-post-type=\"page\">\n\t\t\t\t<div class=\"elementor-element elementor-element-36760b0 e-flex e-con-boxed cmsmasters-bg-hide-none cmsmasters-bg-hide-none cmsmasters-block-default e-con e-parent\" data-id=\"36760b0\" data-element_type=\"container\" data-e-type=\"container\" data-settings=\"{&quot;background_background&quot;:&quot;classic&quot;}\">\n\t\t\t\t\t<div class=\"e-con-inner\">\n\t\t<div class=\"elementor-element elementor-element-969c1a6 e-con-full e-flex cmsmasters-block-default e-con e-child\" data-id=\"969c1a6\" data-element_type=\"container\" data-e-type=\"container\" data-settings=\"{&quot;background_background&quot;:&quot;classic&quot;}\">\n\t\t\t\t<div class=\"elementor-element elementor-element-85c3bc4 elementor-widget-widescreen__width-initial elementor-absolute cmsmasters-block-default cmsmasters-sticky-default elementor-widget elementor-widget-image\" data-id=\"85c3bc4\" data-element_type=\"widget\" data-e-type=\"widget\" data-settings=\"{&quot;_position&quot;:&quot;absolute&quot;}\" data-widget_type=\"image.default\">\n\t\t\t\t\t\t\t\t\t\t\t\t\t\t\t<img fetchpriority=\"high\" decoding=\"async\" width=\"480\" height=\"137\" src=\"https:\/\/masterint.com\/wp-content\/uploads\/2025\/11\/MODELO-PAGINA-UNIDADES-DE-NEGOCIO.png\" class=\"attachment-large size-large wp-image-52283\" alt=\"\" srcset=\"https:\/\/masterint.com\/wp-content\/uploads\/2025\/11\/MODELO-PAGINA-UNIDADES-DE-NEGOCIO.png 480w, https:\/\/masterint.com\/wp-content\/uploads\/2025\/11\/MODELO-PAGINA-UNIDADES-DE-NEGOCIO-300x86.png 300w\" sizes=\"(max-width: 480px) 100vw, 480px\" \/>\t\t\t\t\t\t\t\t\t\t\t\t\t\t\t<\/div>\n\t\t<div class=\"elementor-element elementor-element-6a6998f e-con-full e-flex cmsmasters-block-default e-con e-child\" data-id=\"6a6998f\" data-element_type=\"container\" data-e-type=\"container\">\n\t\t\t\t<div class=\"elementor-element elementor-element-45738cf elementor-icon-list--layout-inline elementor-mobile-align-start elementor-widget-mobile__width-inherit elementor-list-item-link-full_width cmsmasters-block-default cmsmasters-sticky-default elementor-widget elementor-widget-icon-list\" data-id=\"45738cf\" data-element_type=\"widget\" data-e-type=\"widget\" data-widget_type=\"icon-list.default\">\n\t\t\t\t\t\t\t<ul class=\"elementor-icon-list-items elementor-inline-items\">\n\t\t\t\t\t\t\t<li class=\"elementor-icon-list-item elementor-inline-item\">\n\t\t\t\t\t\t\t\t\t\t\t<a href=\"https:\/\/masterint.com\/en\">\n\n\t\t\t\t\t\t\t\t\t\t\t<span class=\"elementor-icon-list-text\">HOME <\/span>\n\t\t\t\t\t\t\t\t\t\t\t<\/a>\n\t\t\t\t\t\t\t\t\t<\/li>\n\t\t\t\t\t\t\t\t<li class=\"elementor-icon-list-item elementor-inline-item\">\n\t\t\t\t\t\t\t\t\t\t\t<a href=\"https:\/\/masterint.com\/en\/unidades-de-negocio\/\">\n\n\t\t\t\t\t\t\t\t\t\t\t<span class=\"elementor-icon-list-text\">Business Units <\/span>\n\t\t\t\t\t\t\t\t\t\t\t<\/a>\n\t\t\t\t\t\t\t\t\t<\/li>\n\t\t\t\t\t\t\t\t<li class=\"elementor-icon-list-item elementor-inline-item\">\n\t\t\t\t\t\t\t\t\t\t\t<a href=\"https:\/\/masterint.com\/en\/digital-export\/\">\n\n\t\t\t\t\t\t\t\t\t\t\t<span class=\"elementor-icon-list-text\">&gt; DIGITAL EXPORT <\/span>\n\t\t\t\t\t\t\t\t\t\t\t<\/a>\n\t\t\t\t\t\t\t\t\t<\/li>\n\t\t\t\t\t\t\t\t<li class=\"elementor-icon-list-item elementor-inline-item\">\n\t\t\t\t\t\t\t\t\t\t\t<a href=\"https:\/\/masterint.com\/en\/marketplace-b2b\/\">\n\n\t\t\t\t\t\t\t\t\t\t\t<span class=\"elementor-icon-list-text\">&gt; GEST\u00c3O DE MARKETPLACES B2B<\/span>\n\t\t\t\t\t\t\t\t\t\t\t<\/a>\n\t\t\t\t\t\t\t\t\t<\/li>\n\t\t\t\t\t\t<\/ul>\n\t\t\t\t\t\t<\/div>\n\t\t\t\t<div class=\"elementor-element elementor-element-3f13cad elementor-widget__width-initial elementor-widget-widescreen__width-initial elementor-widget-mobile__width-inherit cmsmasters-block-default cmsmasters-sticky-default elementor-widget elementor-widget-heading\" data-id=\"3f13cad\" data-element_type=\"widget\" data-e-type=\"widget\" data-widget_type=\"heading.default\">\n\t\t\t\t\t<h2 class=\"elementor-heading-title elementor-size-default\">B2B Marketplace Management<\/h2>\t\t\t\t<\/div>\n\t\t\t\t<\/div>\n\t\t\t\t<\/div>\n\t\t\t\t\t<\/div>\n\t\t\t\t<\/div>\n\t\t<div class=\"elementor-element elementor-element-7a35aad e-flex e-con-boxed cmsmasters-bg-hide-none cmsmasters-bg-hide-none cmsmasters-block-default e-con e-parent\" data-id=\"7a35aad\" data-element_type=\"container\" data-e-type=\"container\" data-settings=\"{&quot;background_background&quot;:&quot;classic&quot;}\">\n\t\t\t\t\t<div class=\"e-con-inner\">\n\t\t<div class=\"elementor-element elementor-element-54b51b9 e-con-full e-flex cmsmasters-block-default e-con e-child\" data-id=\"54b51b9\" data-element_type=\"container\" data-e-type=\"container\">\n\t\t\t\t<div class=\"elementor-element elementor-element-2da12c7 cmsmasters-block-default cmsmasters-sticky-default elementor-widget elementor-widget-text-editor\" data-id=\"2da12c7\" data-element_type=\"widget\" data-e-type=\"widget\" data-widget_type=\"text-editor.default\">\n\t\t\t\t\t\t\t\t\t<p class=\"cvGsUA direction-ltr align-start para-style-body\"><span class=\"a_GcMg font-feature-liga-off font-feature-clig-off font-feature-calt-off text-decoration-none text-strikethrough-none\">Presence on global B2B marketplaces is today one of the fastest, most efficient and scalable ways to connect companies to international buyers.<\/span><\/p><p class=\"cvGsUA direction-ltr align-start para-style-body\"><span class=\"a_GcMg font-feature-liga-off font-feature-clig-off font-feature-calt-off text-decoration-none text-strikethrough-none\">At MASTERINT, we transform these platforms into true channels for generating qualified demand, global visibility and real business opportunities.<\/span><\/p><p class=\"cvGsUA direction-ltr align-start para-style-body\">\u00a0<\/p><p class=\"cvGsUA direction-ltr align-start para-style-body\"><span class=\"a_GcMg font-feature-liga-off font-feature-clig-off font-feature-calt-off text-decoration-none text-strikethrough-none\">We provide end-to-end support \u2014 from the creation and optimization of your company\u2019s profile to ongoing management of listings, campaigns, buyer relationships and commercial insights. With proven experience on Alibaba.com and RangeMe, we strategically position your brand so that it is seen, chosen and valued in the international market.<\/span><\/p><p class=\"cvGsUA direction-ltr align-start para-style-body\"><strong><span class=\"a_GcMg font-feature-liga-off font-feature-clig-off font-feature-calt-off text-decoration-none text-strikethrough-none\">Connecting your company to the world through the largest B2B marketplaces on the planet.<\/span><\/strong><\/p>\t\t\t\t\t\t\t\t<\/div>\n\t\t\t\t<\/div>\n\t\t<div class=\"elementor-element elementor-element-55be83f e-con-full e-flex cmsmasters-block-default e-con e-child\" data-id=\"55be83f\" data-element_type=\"container\" data-e-type=\"container\">\n\t\t<div class=\"elementor-element elementor-element-b075060 e-con-full e-flex cmsmasters-block-default e-con e-child\" data-id=\"b075060\" data-element_type=\"container\" data-e-type=\"container\">\n\t\t\t\t<div class=\"elementor-element elementor-element-b688762 cmsmasters-block-default cmsmasters-sticky-default elementor-widget elementor-widget-image\" data-id=\"b688762\" data-element_type=\"widget\" data-e-type=\"widget\" data-widget_type=\"image.default\">\n\t\t\t\t\t\t\t\t\t\t\t\t\t\t\t<img decoding=\"async\" width=\"653\" height=\"367\" src=\"https:\/\/masterint.com\/wp-content\/uploads\/2025\/12\/width_800-2-e1764683470183.webp\" class=\"attachment-large size-large wp-image-52529\" alt=\"\" srcset=\"https:\/\/masterint.com\/wp-content\/uploads\/2025\/12\/width_800-2-e1764683470183.webp 653w, https:\/\/masterint.com\/wp-content\/uploads\/2025\/12\/width_800-2-e1764683470183-300x169.webp 300w, https:\/\/masterint.com\/wp-content\/uploads\/2025\/12\/width_800-2-e1764683470183-534x300.webp 534w, https:\/\/masterint.com\/wp-content\/uploads\/2025\/12\/width_800-2-e1764683470183-600x337.webp 600w\" sizes=\"(max-width: 653px) 100vw, 653px\" \/>\t\t\t\t\t\t\t\t\t\t\t\t\t\t\t<\/div>\n\t\t\t\t<div class=\"elementor-element elementor-element-ed578e9 elementor-widget__width-initial elementor-widget-widescreen__width-initial cmsmasters-block-default cmsmasters-sticky-default elementor-widget elementor-widget-heading\" data-id=\"ed578e9\" data-element_type=\"widget\" data-e-type=\"widget\" data-widget_type=\"heading.default\">\n\t\t\t\t\t<h2 class=\"elementor-heading-title elementor-size-default\">Alibrave<\/h2>\t\t\t\t<\/div>\n\t\t\t\t<div class=\"elementor-element elementor-element-2a4c7c2 elementor-align-center cmsmasters-block-default cmsmasters-sticky-default elementor-widget elementor-widget-button\" data-id=\"2a4c7c2\" data-element_type=\"widget\" data-e-type=\"widget\" data-widget_type=\"button.default\">\n\t\t\t\t\t\t\t\t\t\t<a class=\"elementor-button elementor-button-link elementor-size-sm\" href=\"https:\/\/masterint.com\/en\/alibrave\/\">\n\t\t\t\t\t\t<span class=\"elementor-button-content-wrapper\">\n\t\t\t\t\t\t\t\t\t<span class=\"elementor-button-text\">LEARN MORE<\/span>\n\t\t\t\t\t<\/span>\n\t\t\t\t\t<\/a>\n\t\t\t\t\t\t\t\t<\/div>\n\t\t\t\t<\/div>\n\t\t<div class=\"elementor-element elementor-element-6b600d6 e-con-full e-flex cmsmasters-block-default e-con e-child\" data-id=\"6b600d6\" data-element_type=\"container\" data-e-type=\"container\">\n\t\t\t\t<div class=\"elementor-element elementor-element-64ee815 cmsmasters-block-default cmsmasters-sticky-default elementor-widget elementor-widget-image\" data-id=\"64ee815\" data-element_type=\"widget\" data-e-type=\"widget\" data-widget_type=\"image.default\">\n\t\t\t\t\t\t\t\t\t\t\t\t\t\t\t<img decoding=\"async\" width=\"800\" height=\"508\" src=\"https:\/\/masterint.com\/wp-content\/uploads\/2025\/12\/width_800-1.webp\" class=\"attachment-large size-large wp-image-52530\" alt=\"\" srcset=\"https:\/\/masterint.com\/wp-content\/uploads\/2025\/12\/width_800-1.webp 800w, https:\/\/masterint.com\/wp-content\/uploads\/2025\/12\/width_800-1-300x191.webp 300w, https:\/\/masterint.com\/wp-content\/uploads\/2025\/12\/width_800-1-768x488.webp 768w, https:\/\/masterint.com\/wp-content\/uploads\/2025\/12\/width_800-1-472x300.webp 472w, https:\/\/masterint.com\/wp-content\/uploads\/2025\/12\/width_800-1-600x381.webp 600w\" sizes=\"(max-width: 800px) 100vw, 800px\" \/>\t\t\t\t\t\t\t\t\t\t\t\t\t\t\t<\/div>\n\t\t\t\t<div class=\"elementor-element elementor-element-3363709 elementor-widget__width-initial elementor-widget-widescreen__width-initial cmsmasters-block-default cmsmasters-sticky-default elementor-widget elementor-widget-heading\" data-id=\"3363709\" data-element_type=\"widget\" data-e-type=\"widget\" data-widget_type=\"heading.default\">\n\t\t\t\t\t<h2 class=\"elementor-heading-title elementor-size-default\">RANGE.ME<\/h2>\t\t\t\t<\/div>\n\t\t\t\t<div class=\"elementor-element elementor-element-04b1e02 elementor-align-center cmsmasters-block-default cmsmasters-sticky-default elementor-widget elementor-widget-button\" data-id=\"04b1e02\" data-element_type=\"widget\" data-e-type=\"widget\" data-widget_type=\"button.default\">\n\t\t\t\t\t\t\t\t\t\t<a class=\"elementor-button elementor-button-link elementor-size-sm\" href=\"https:\/\/masterint.com\/en\/range-me\/\">\n\t\t\t\t\t\t<span class=\"elementor-button-content-wrapper\">\n\t\t\t\t\t\t\t\t\t<span class=\"elementor-button-text\">LEARN MORE<\/span>\n\t\t\t\t\t<\/span>\n\t\t\t\t\t<\/a>\n\t\t\t\t\t\t\t\t<\/div>\n\t\t\t\t<\/div>\n\t\t\t\t<\/div>\n\t\t\t\t\t<\/div>\n\t\t\t\t<\/div>\n\t\t<div class=\"elementor-element elementor-element-31b99dc e-flex e-con-boxed cmsmasters-block-default e-con e-parent\" data-id=\"31b99dc\" data-element_type=\"container\" data-e-type=\"container\" data-settings=\"{&quot;background_background&quot;:&quot;classic&quot;}\">\n\t\t\t\t\t<div class=\"e-con-inner\">\n\t\t\t\t<div class=\"elementor-element elementor-element-f96e651 elementor-widget__width-initial elementor-widget-mobile__width-inherit cmsmasters-block-default cmsmasters-sticky-default elementor-widget elementor-widget-heading\" data-id=\"f96e651\" data-element_type=\"widget\" data-e-type=\"widget\" data-widget_type=\"heading.default\">\n\t\t\t\t\t<h2 class=\"elementor-heading-title elementor-size-default\">Ready to take your brand global without complexity?\n<\/h2>\t\t\t\t<\/div>\n\t\t\t\t<div class=\"elementor-element elementor-element-1a1e8b6 elementor-widget__width-initial elementor-widget-widescreen__width-initial elementor-widget-mobile__width-inherit cmsmasters-block-default cmsmasters-sticky-default elementor-widget elementor-widget-heading\" data-id=\"1a1e8b6\" data-element_type=\"widget\" data-e-type=\"widget\" data-widget_type=\"heading.default\">\n\t\t\t\t\t<h2 class=\"elementor-heading-title elementor-size-default\">MASTERINT connects your company to international markets with agility, security and performance. You focus on production, and we handle the export process.\n<\/h2>\t\t\t\t<\/div>\n\t\t\t\t<div class=\"elementor-element elementor-element-691826e elementor-widget__width-initial elementor-widget-mobile__width-inherit cmsmasters-block-default cmsmasters-sticky-default elementor-widget elementor-widget-heading\" data-id=\"691826e\" data-element_type=\"widget\" data-e-type=\"widget\" data-widget_type=\"heading.default\">\n\t\t\t\t\t<h2 class=\"elementor-heading-title elementor-size-default\">Talk to a specialist and begin your digital export journey with MASTERINT.<\/h2>\t\t\t\t<\/div>\n\t\t\t\t<div class=\"elementor-element elementor-element-1a01d2c elementor-button-align-stretch cmsmasters-block-default cmsmasters-sticky-default elementor-widget elementor-widget-form\" data-id=\"1a01d2c\" data-element_type=\"widget\" data-e-type=\"widget\" data-settings=\"{&quot;step_next_label&quot;:&quot;Next&quot;,&quot;step_previous_label&quot;:&quot;Previous&quot;,&quot;button_width&quot;:&quot;100&quot;,&quot;step_type&quot;:&quot;number_text&quot;,&quot;step_icon_shape&quot;:&quot;circle&quot;}\" data-widget_type=\"form.default\">\n\t\t\t\t\t\t\t<form class=\"elementor-form\" method=\"post\" name=\"New Form\" aria-label=\"New Form\" action=\"\">\n\t\t\t<input type=\"hidden\" name=\"post_id\" value=\"52278\"\/>\n\t\t\t<input type=\"hidden\" name=\"form_id\" value=\"1a01d2c\"\/>\n\t\t\t<input type=\"hidden\" name=\"referer_title\" value=\"Marketplace B2B\" \/>\n\n\t\t\t\t\t\t\t<input type=\"hidden\" name=\"queried_id\" value=\"52278\"\/>\n\t\t\t\n\t\t\t<div class=\"elementor-form-fields-wrapper elementor-labels-above\">\n\t\t\t\t\t\t\t\t<div class=\"elementor-field-type-text elementor-field-group elementor-column elementor-field-group-name elementor-col-100\">\n\t\t\t\t\t\t\t\t\t\t\t\t\t<input size=\"1\" type=\"text\" name=\"form_fields[name]\" id=\"form-field-name\" class=\"elementor-field elementor-size-sm  elementor-field-textual\" placeholder=\"NAME\">\n\t\t\t\t\t\t\t\t\t\t\t<\/div>\n\t\t\t\t\t\t\t\t<div class=\"elementor-field-type-text elementor-field-group elementor-column elementor-field-group-field_0b08064 elementor-col-100\">\n\t\t\t\t\t\t\t\t\t\t\t\t\t<input size=\"1\" type=\"text\" name=\"form_fields[field_0b08064]\" id=\"form-field-field_0b08064\" class=\"elementor-field elementor-size-sm  elementor-field-textual\" placeholder=\"WHATSAPP\">\n\t\t\t\t\t\t\t\t\t\t\t<\/div>\n\t\t\t\t\t\t\t\t<div class=\"elementor-field-type-email elementor-field-group elementor-column elementor-field-group-email elementor-col-100 elementor-field-required\">\n\t\t\t\t\t\t\t\t\t\t\t\t\t<input size=\"1\" type=\"email\" name=\"form_fields[email]\" id=\"form-field-email\" class=\"elementor-field elementor-size-sm  elementor-field-textual\" placeholder=\"E-MAIL\" required=\"required\">\n\t\t\t\t\t\t\t\t\t\t\t<\/div>\n\t\t\t\t\t\t\t\t<div class=\"elementor-field-type-textarea elementor-field-group elementor-column elementor-field-group-message elementor-col-100\">\n\t\t\t\t\t<textarea class=\"elementor-field-textual elementor-field  elementor-size-sm\" name=\"form_fields[message]\" id=\"form-field-message\" rows=\"4\" placeholder=\"YOUR MESSAGE\"><\/textarea>\t\t\t\t<\/div>\n\t\t\t\t\t\t\t\t<div class=\"elementor-field-group elementor-column elementor-field-type-submit elementor-col-100 e-form__buttons\">\n\t\t\t\t\t<button class=\"elementor-button elementor-size-sm\" type=\"submit\">\n\t\t\t\t\t\t<span class=\"elementor-button-content-wrapper\">\n\t\t\t\t\t\t\t\t\t\t\t\t\t\t\t\t\t\t\t\t\t\t<span class=\"elementor-button-text\">SEND<\/span>\n\t\t\t\t\t\t\t\t\t\t\t\t\t<\/span>\n\t\t\t\t\t<\/button>\n\t\t\t\t<\/div>\n\t\t\t<\/div>\n\t\t<input type=\"hidden\" name=\"trp-form-language\" value=\"en\"\/><\/form>\n\t\t\t\t\t\t<\/div>\n\t\t\t\t\t<\/div>\n\t\t\t\t<\/div>\n\t\t\t\t<\/div>","protected":false},"excerpt":{"rendered":"<p>HOME &gt; UNIDADES DE NEG\u00d3CIO &gt; DIGITAL EXPORT &gt; GEST\u00c3O DE MARKETPLACES B2B GEST\u00c3O DE MARKETPLACES B2B A presen\u00e7a em marketplaces B2B globais \u00e9 hoje uma das formas mais r\u00e1pidas, eficientes e escal\u00e1veis de conectar empresas brasileiras a compradores internacionais. Na MASTERINT, transformamos essas plataformas em verdadeiros canais de gera\u00e7\u00e3o de demanda qualificada, visibilidade global&#8230;<\/p>","protected":false},"author":1,"featured_media":0,"parent":0,"menu_order":0,"comment_status":"closed","ping_status":"closed","template":"elementor_header_footer","meta":{"_acf_changed":false,"footnotes":""},"class_list":["post-52278","page","type-page","status-publish","hentry"],"acf":[],"_links":{"self":[{"href":"https:\/\/masterint.com\/en\/wp-json\/wp\/v2\/pages\/52278","targetHints":{"allow":["GET"]}}],"collection":[{"href":"https:\/\/masterint.com\/en\/wp-json\/wp\/v2\/pages"}],"about":[{"href":"https:\/\/masterint.com\/en\/wp-json\/wp\/v2\/types\/page"}],"author":[{"embeddable":true,"href":"https:\/\/masterint.com\/en\/wp-json\/wp\/v2\/users\/1"}],"replies":[{"embeddable":true,"href":"https:\/\/masterint.com\/en\/wp-json\/wp\/v2\/comments?post=52278"}],"version-history":[{"count":64,"href":"https:\/\/masterint.com\/en\/wp-json\/wp\/v2\/pages\/52278\/revisions"}],"predecessor-version":[{"id":53385,"href":"https:\/\/masterint.com\/en\/wp-json\/wp\/v2\/pages\/52278\/revisions\/53385"}],"wp:attachment":[{"href":"https:\/\/masterint.com\/en\/wp-json\/wp\/v2\/media?parent=52278"}],"curies":[{"name":"wp","href":"https:\/\/api.w.org\/{rel}","templated":true}]}}