{"id":47448,"date":"2025-06-19T12:04:58","date_gmt":"2025-06-19T12:04:58","guid":{"rendered":"https:\/\/theme-dev.cmsmasters.net\/cargo-trucking\/?page_id=47448"},"modified":"2026-01-13T22:54:33","modified_gmt":"2026-01-14T01:54:33","slug":"contato","status":"publish","type":"page","link":"https:\/\/masterint.com\/en\/contato\/","title":{"rendered":"Contato"},"content":{"rendered":"<div data-elementor-type=\"wp-page\" data-elementor-id=\"47448\" class=\"elementor elementor-47448\" data-elementor-post-type=\"page\">\n\t\t\t\t<div class=\"elementor-element elementor-element-f93b93d e-flex e-con-boxed cmsmasters-bg-hide-none cmsmasters-bg-hide-none cmsmasters-block-default e-con e-parent\" data-id=\"f93b93d\" data-element_type=\"container\" data-e-type=\"container\" data-settings=\"{&quot;background_background&quot;:&quot;classic&quot;}\">\n\t\t\t\t\t<div class=\"e-con-inner\">\n\t\t<div class=\"elementor-element elementor-element-072a43d e-con-full e-flex cmsmasters-block-default e-con e-child\" data-id=\"072a43d\" data-element_type=\"container\" data-e-type=\"container\">\n\t\t\t\t<div class=\"elementor-element elementor-element-2cd856d elementor-widget__width-inherit cmsmasters-block-default cmsmasters-sticky-default elementor-invisible elementor-widget elementor-widget-heading\" data-id=\"2cd856d\" data-element_type=\"widget\" data-e-type=\"widget\" data-settings=\"{&quot;_animation&quot;:&quot;cmsmasters-fade-in-up&quot;}\" data-widget_type=\"heading.default\">\n\t\t\t\t\t<h1 class=\"elementor-heading-title elementor-size-default\">We connect your company to the world \u2014 and it starts here.<\/h1>\t\t\t\t<\/div>\n\t\t\t\t<\/div>\n\t\t<div class=\"elementor-element elementor-element-f505847 e-con-full elementor-hidden-tablet elementor-hidden-mobile e-flex cmsmasters-block-default e-con e-child\" data-id=\"f505847\" data-element_type=\"container\" data-e-type=\"container\">\n\t\t\t\t<\/div>\n\t\t<div class=\"elementor-element elementor-element-562cf4d e-con-full cmsmasters-effect cmsmasters-effect-type-transform e-flex cmsmasters-effect-hover-type-element cmsmasters-block-default e-con e-child\" data-id=\"562cf4d\" data-element_type=\"container\" data-e-type=\"container\" data-settings=\"{&quot;background_background&quot;:&quot;classic&quot;,&quot;position&quot;:&quot;absolute&quot;,&quot;cms_transform_hover_type&quot;:&quot;element&quot;}\">\n\t\t\t\t<\/div>\n\t\t\t\t\t<\/div>\n\t\t\t\t<\/div>\n\t\t<div class=\"elementor-element elementor-element-e916334 e-flex e-con-boxed cmsmasters-block-default e-con e-parent\" data-id=\"e916334\" data-element_type=\"container\" data-e-type=\"container\">\n\t\t\t\t\t<div class=\"e-con-inner\">\n\t\t\t\t<div class=\"elementor-element elementor-element-3817200 cmsmasters-block-default cmsmasters-sticky-default elementor-invisible elementor-widget elementor-widget-heading\" data-id=\"3817200\" data-element_type=\"widget\" data-e-type=\"widget\" data-settings=\"{&quot;_animation&quot;:&quot;cmsmasters-fade-in-up&quot;}\" data-widget_type=\"heading.default\">\n\t\t\t\t\t<h2 class=\"elementor-heading-title elementor-size-default\">Our Offices<\/h2>\t\t\t\t<\/div>\n\t\t\t\t\t<\/div>\n\t\t\t\t<\/div>\n\t\t<div class=\"elementor-element elementor-element-c967535 e-flex e-con-boxed cmsmasters-block-default e-con e-parent\" data-id=\"c967535\" data-element_type=\"container\" data-e-type=\"container\">\n\t\t\t\t\t<div class=\"e-con-inner\">\n\t\t<div class=\"elementor-element elementor-element-1281f2a e-con-full e-flex cmsmasters-block-default e-con e-child\" data-id=\"1281f2a\" data-element_type=\"container\" data-e-type=\"container\">\n\t\t<div class=\"elementor-element elementor-element-c3bfcb0 e-con-full e-flex cmsmasters-block-default e-con e-child\" data-id=\"c3bfcb0\" data-element_type=\"container\" data-e-type=\"container\">\n\t\t\t\t<div class=\"elementor-element elementor-element-5d98ff0 cmsmasters-clip-path-yes cmsmasters-block-default cmsmasters-sticky-default elementor-widget elementor-widget-image\" data-id=\"5d98ff0\" data-element_type=\"widget\" data-e-type=\"widget\" data-widget_type=\"image.default\">\n\t\t\t\t\t\t\t\t\t\t\t\t\t\t\t<img fetchpriority=\"high\" decoding=\"async\" width=\"940\" height=\"788\" src=\"https:\/\/masterint.com\/wp-content\/uploads\/2025\/12\/A.png\" class=\"attachment-full size-full wp-image-53224\" alt=\"\" srcset=\"https:\/\/masterint.com\/wp-content\/uploads\/2025\/12\/A.png 940w, https:\/\/masterint.com\/wp-content\/uploads\/2025\/12\/A-300x251.png 300w, https:\/\/masterint.com\/wp-content\/uploads\/2025\/12\/A-768x644.png 768w, https:\/\/masterint.com\/wp-content\/uploads\/2025\/12\/A-358x300.png 358w, https:\/\/masterint.com\/wp-content\/uploads\/2025\/12\/A-600x503.png 600w\" sizes=\"(max-width: 940px) 100vw, 940px\" \/>\t\t\t\t\t\t\t\t\t\t\t\t\t\t\t<\/div>\n\t\t\t\t<\/div>\n\t\t\t\t<div class=\"elementor-element elementor-element-bacd29e cmsmasters-block-default cmsmasters-sticky-default elementor-invisible elementor-widget elementor-widget-heading\" data-id=\"bacd29e\" data-element_type=\"widget\" data-e-type=\"widget\" data-settings=\"{&quot;_animation&quot;:&quot;cmsmasters-fade-in-up&quot;}\" data-widget_type=\"heading.default\">\n\t\t\t\t\t<h4 class=\"elementor-heading-title elementor-size-default\">Commercial<\/h4>\t\t\t\t<\/div>\n\t\t<div class=\"elementor-element elementor-element-c2bc284 e-flex e-con-boxed cmsmasters-block-default e-con e-child\" data-id=\"c2bc284\" data-element_type=\"container\" data-e-type=\"container\">\n\t\t\t\t\t<div class=\"e-con-inner\">\n\t\t<div class=\"elementor-element elementor-element-5dce9c4 e-con-full e-flex cmsmasters-block-default e-con e-child\" data-id=\"5dce9c4\" data-element_type=\"container\" data-e-type=\"container\">\n\t\t\t\t<div class=\"elementor-element elementor-element-3d38af4 cmsmasters-block-default cmsmasters-sticky-default elementor-invisible elementor-widget elementor-widget-heading\" data-id=\"3d38af4\" data-element_type=\"widget\" data-e-type=\"widget\" data-settings=\"{&quot;_animation&quot;:&quot;cmsmasters-fade-in-up&quot;,&quot;_animation_delay&quot;:150}\" data-widget_type=\"heading.default\">\n\t\t\t\t\t<h6 class=\"elementor-heading-title elementor-size-default\">Address:<\/h6>\t\t\t\t<\/div>\n\t\t\t\t<div class=\"elementor-element elementor-element-d9637d7 cmsmasters-block-default cmsmasters-sticky-default elementor-invisible elementor-widget elementor-widget-text-editor\" data-id=\"d9637d7\" data-element_type=\"widget\" data-e-type=\"widget\" data-settings=\"{&quot;_animation&quot;:&quot;cmsmasters-fade-in-up&quot;,&quot;_animation_delay&quot;:300}\" data-widget_type=\"text-editor.default\">\n\t\t\t\t\t\t\t\t\t<p><span style=\"font-weight: 300;\">R. Ouvidor Peleja, 297, Vila Mariana, S\u00e3o Paulo-SP, Brazil \u2013 04128-000<\/span><\/p>\t\t\t\t\t\t\t\t<\/div>\n\t\t\t\t<\/div>\n\t\t\t\t\t<\/div>\n\t\t\t\t<\/div>\n\t\t\t\t<\/div>\n\t\t<div class=\"elementor-element elementor-element-32111f2 e-con-full e-flex cmsmasters-block-default e-con e-child\" data-id=\"32111f2\" data-element_type=\"container\" data-e-type=\"container\">\n\t\t<div class=\"elementor-element elementor-element-32e24d6 e-con-full e-flex cmsmasters-block-default e-con e-child\" data-id=\"32e24d6\" data-element_type=\"container\" data-e-type=\"container\">\n\t\t\t\t<div class=\"elementor-element elementor-element-7c12665 cmsmasters-clip-path-yes cmsmasters-block-default cmsmasters-sticky-default elementor-widget elementor-widget-image\" data-id=\"7c12665\" data-element_type=\"widget\" data-e-type=\"widget\" data-widget_type=\"image.default\">\n\t\t\t\t\t\t\t\t\t\t\t\t\t\t\t<img decoding=\"async\" width=\"940\" height=\"788\" src=\"https:\/\/masterint.com\/wp-content\/uploads\/2025\/12\/B.png\" class=\"attachment-full size-full wp-image-53223\" alt=\"\" srcset=\"https:\/\/masterint.com\/wp-content\/uploads\/2025\/12\/B.png 940w, https:\/\/masterint.com\/wp-content\/uploads\/2025\/12\/B-300x251.png 300w, https:\/\/masterint.com\/wp-content\/uploads\/2025\/12\/B-768x644.png 768w, https:\/\/masterint.com\/wp-content\/uploads\/2025\/12\/B-358x300.png 358w, https:\/\/masterint.com\/wp-content\/uploads\/2025\/12\/B-600x503.png 600w\" sizes=\"(max-width: 940px) 100vw, 940px\" \/>\t\t\t\t\t\t\t\t\t\t\t\t\t\t\t<\/div>\n\t\t\t\t<\/div>\n\t\t\t\t<div class=\"elementor-element elementor-element-c488342 cmsmasters-block-default cmsmasters-sticky-default elementor-invisible elementor-widget elementor-widget-heading\" data-id=\"c488342\" data-element_type=\"widget\" data-e-type=\"widget\" data-settings=\"{&quot;_animation&quot;:&quot;cmsmasters-fade-in-up&quot;}\" data-widget_type=\"heading.default\">\n\t\t\t\t\t<h4 class=\"elementor-heading-title elementor-size-default\">Operational<\/h4>\t\t\t\t<\/div>\n\t\t<div class=\"elementor-element elementor-element-fcb9efb e-con-full e-flex cmsmasters-block-default e-con e-child\" data-id=\"fcb9efb\" data-element_type=\"container\" data-e-type=\"container\">\n\t\t<div class=\"elementor-element elementor-element-a2289f3 e-con-full e-flex cmsmasters-block-default e-con e-child\" data-id=\"a2289f3\" data-element_type=\"container\" data-e-type=\"container\">\n\t\t\t\t<div class=\"elementor-element elementor-element-aee07de cmsmasters-block-default cmsmasters-sticky-default elementor-invisible elementor-widget elementor-widget-heading\" data-id=\"aee07de\" data-element_type=\"widget\" data-e-type=\"widget\" data-settings=\"{&quot;_animation&quot;:&quot;cmsmasters-fade-in-up&quot;,&quot;_animation_delay&quot;:150}\" data-widget_type=\"heading.default\">\n\t\t\t\t\t<h6 class=\"elementor-heading-title elementor-size-default\">Address:<\/h6>\t\t\t\t<\/div>\n\t\t\t\t<div class=\"elementor-element elementor-element-bc46b76 cmsmasters-block-default cmsmasters-sticky-default elementor-invisible elementor-widget elementor-widget-text-editor\" data-id=\"bc46b76\" data-element_type=\"widget\" data-e-type=\"widget\" data-settings=\"{&quot;_animation&quot;:&quot;cmsmasters-fade-in-up&quot;,&quot;_animation_delay&quot;:300}\" data-widget_type=\"text-editor.default\">\n\t\t\t\t\t\t\t\t\t<p><span style=\"font-weight: 300;\">R. Dr. Neto de Ara\u00fajo, 320 &#8211; Cj. 806 &#8211; Vila Mariana, S\u00e3o Paulo &#8211; SP, Brasil &#8211; 04111-001<\/span><\/p>\t\t\t\t\t\t\t\t<\/div>\n\t\t\t\t<\/div>\n\t\t\t\t<\/div>\n\t\t\t\t<\/div>\n\t\t\t\t\t<\/div>\n\t\t\t\t<\/div>\n\t\t\t\t<\/div>","protected":false},"excerpt":{"rendered":"<p>Conectamos sua empresa ao mundo \u2014 e isso come\u00e7a por aqui. Nossos Escrit\u00f3rios Comercial Endere\u00e7o R. Ouvidor Peleja, 297, Vila Mariana, S\u00e3o Paulo-SP, Brasil &#8211; 04128-000 Operacional Endere\u00e7o R. Dr. Neto de Ara\u00fajo, 320 &#8211; Cj. 806 &#8211; Vila Mariana, S\u00e3o Paulo &#8211; SP, Brasil &#8211; 04111-001<\/p>","protected":false},"author":1,"featured_media":0,"parent":0,"menu_order":0,"comment_status":"closed","ping_status":"closed","template":"","meta":{"_acf_changed":false,"footnotes":""},"class_list":["post-47448","page","type-page","status-publish","hentry"],"acf":[],"_links":{"self":[{"href":"https:\/\/masterint.com\/en\/wp-json\/wp\/v2\/pages\/47448","targetHints":{"allow":["GET"]}}],"collection":[{"href":"https:\/\/masterint.com\/en\/wp-json\/wp\/v2\/pages"}],"about":[{"href":"https:\/\/masterint.com\/en\/wp-json\/wp\/v2\/types\/page"}],"author":[{"embeddable":true,"href":"https:\/\/masterint.com\/en\/wp-json\/wp\/v2\/users\/1"}],"replies":[{"embeddable":true,"href":"https:\/\/masterint.com\/en\/wp-json\/wp\/v2\/comments?post=47448"}],"version-history":[{"count":56,"href":"https:\/\/masterint.com\/en\/wp-json\/wp\/v2\/pages\/47448\/revisions"}],"predecessor-version":[{"id":54031,"href":"https:\/\/masterint.com\/en\/wp-json\/wp\/v2\/pages\/47448\/revisions\/54031"}],"wp:attachment":[{"href":"https:\/\/masterint.com\/en\/wp-json\/wp\/v2\/media?parent=47448"}],"curies":[{"name":"wp","href":"https:\/\/api.w.org\/{rel}","templated":true}]}}